{"id":121,"date":"2020-01-28T13:46:32","date_gmt":"2020-01-28T12:46:32","guid":{"rendered":"https:\/\/adem03.fr\/?page_id=121"},"modified":"2021-05-27T11:37:24","modified_gmt":"2021-05-27T09:37:24","slug":"contact-france-services","status":"publish","type":"page","link":"https:\/\/adem03.fr\/index.php\/contact-france-services\/","title":{"rendered":"Contact France Services"},"content":{"rendered":"\n<p class=\"paragraphe-commun\">  <\/p>\n\n\n\n<p class=\"paragraphe-commun\">France Services est un lieu qui facilite l&rsquo;utilisation num\u00e9rique pour les d\u00e9marches en lignes et cet espace est adapt\u00e9 au territoire.<\/p>\n\n\n\n<p class=\"paragraphe-commun\">L\u2019objectif est d\u2019accompagner les citoyens dans l\u2019ensemble des d\u00e9marches administratives de leur quotidien.<\/p>\n\n\n\n<p class=\"paragraphe-commun\">Caract\u00e9ristiques de notre France Services&nbsp;:<br>Le retour du service public au c\u0153ur du territoire&nbsp;<br>Un service public moderne et \u00e0 visage humain&nbsp;<br>Un niveau de qualit\u00e9 garanti dans un lieu de vie agr\u00e9able et convivial<\/p>\n\n\n\n<p class=\"paragraphe-commun\">Vous pouvez nous contacter <br>04.70.02.60.11 <br>06.88.86.04.62&nbsp;<br>par mail&nbsp;: <a href=\"mailto:msapmontmarault@adem03.fr\">msapmontmarault@adem03.fr<\/a> <br>ou via le formulaire ci-dessous<\/p>\n\n\n\n<p class=\"paragraphe-commun\">  <\/p>\n\n\n\n<div class=\"is-layout-flow wp-block-group col-md-9 no-padding\"><div class=\"wp-block-group__inner-container\"><div class=\"wpcf7 no-js\" id=\"wpcf7-f120-o1\" lang=\"fr-FR\" dir=\"ltr\">\n<div class=\"screen-reader-response\"><p role=\"status\" aria-live=\"polite\" aria-atomic=\"true\"><\/p> <ul><\/ul><\/div>\n<form action=\"\/index.php\/wp-json\/wp\/v2\/pages\/121#wpcf7-f120-o1\" method=\"post\" class=\"wpcf7-form init\" aria-label=\"Formulaire de contact\" novalidate=\"novalidate\" data-status=\"init\">\n<div style=\"display: none;\">\n<input type=\"hidden\" name=\"_wpcf7\" value=\"120\" \/>\n<input type=\"hidden\" name=\"_wpcf7_version\" value=\"5.7.2\" \/>\n<input type=\"hidden\" name=\"_wpcf7_locale\" value=\"fr_FR\" \/>\n<input type=\"hidden\" name=\"_wpcf7_unit_tag\" value=\"wpcf7-f120-o1\" \/>\n<input type=\"hidden\" name=\"_wpcf7_container_post\" value=\"0\" \/>\n<input type=\"hidden\" name=\"_wpcf7_posted_data_hash\" value=\"\" \/>\n<\/div>\n<p><label class=\"legendlabel\"> Votre nom *<br \/>\n<span class=\"wpcf7-form-control-wrap\" data-name=\"your-name\"><input size=\"40\" class=\"wpcf7-form-control wpcf7-text wpcf7-validates-as-required\" aria-required=\"true\" aria-invalid=\"false\" value=\"\" type=\"text\" name=\"your-name\" \/><\/span> <\/label><br \/>\n<label class=\"legendlabel\"> Votre Email *<br \/>\n<span class=\"wpcf7-form-control-wrap\" data-name=\"your-email\"><input size=\"40\" class=\"wpcf7-form-control wpcf7-text wpcf7-email wpcf7-validates-as-required wpcf7-validates-as-email\" aria-required=\"true\" aria-invalid=\"false\" value=\"\" type=\"email\" name=\"your-email\" \/><\/span> <\/label><br \/>\n<label class=\"legendlabel\"> Votre message *<br \/>\n<span class=\"wpcf7-form-control-wrap\" data-name=\"your-message\"><textarea cols=\"40\" rows=\"10\" class=\"wpcf7-form-control wpcf7-textarea\" aria-invalid=\"false\" name=\"your-message\"><\/textarea><\/span> <\/label><br \/>\n[anr_nocaptcha g-recaptcha-response]<br \/>\n<button class=\"btn-call\" id=\"btn-envoyer\" type=\"submit\" <input class=\"wpcf7-form-control has-spinner wpcf7-submit\" type=\"submit\" value=\"Envoyer\" \/> Envoyer<\/button>\n<\/p><div class=\"wpcf7-response-output\" aria-hidden=\"true\"><\/div><\/form><\/div>\n<\/div><\/div>\n\n\n\n<p class=\"col-md-12\"> * Tous les champs sont obligatoires <\/p>\n","protected":false},"excerpt":{"rendered":"<p>France Services est un lieu qui facilite l&rsquo;utilisation num\u00e9rique pour les d\u00e9marches en lignes et cet espace est adapt\u00e9 au territoire. L\u2019objectif est d\u2019accompagner les citoyens dans l\u2019ensemble des d\u00e9marches administratives de leur quotidien. Caract\u00e9ristiques de notre France Services&nbsp;:Le retour du service public au c\u0153ur du territoire&nbsp;Un service public moderne et \u00e0 visage humain&nbsp;Un niveau [&hellip;]<\/p>\n","protected":false},"author":1,"featured_media":0,"parent":0,"menu_order":0,"comment_status":"closed","ping_status":"closed","template":"page-contact7.php","meta":[],"yoast_head":"<!-- This site is optimized with the Yoast SEO plugin v19.13 - https:\/\/yoast.com\/wordpress\/plugins\/seo\/ -->\n<title>Contact France Services - Adem<\/title>\n<meta name=\"robots\" content=\"index, follow, max-snippet:-1, max-image-preview:large, max-video-preview:-1\" \/>\n<link rel=\"canonical\" href=\"https:\/\/adem03.fr\/index.php\/contact-france-services\/\" \/>\n<meta property=\"og:locale\" content=\"fr_FR\" \/>\n<meta property=\"og:type\" content=\"article\" \/>\n<meta property=\"og:title\" content=\"Contact France Services - Adem\" \/>\n<meta property=\"og:description\" content=\"France Services est un lieu qui facilite l&rsquo;utilisation num\u00e9rique pour les d\u00e9marches en lignes et cet espace est adapt\u00e9 au territoire. L\u2019objectif est d\u2019accompagner les citoyens dans l\u2019ensemble des d\u00e9marches administratives de leur quotidien. Caract\u00e9ristiques de notre France Services&nbsp;:Le retour du service public au c\u0153ur du territoire&nbsp;Un service public moderne et \u00e0 visage humain&nbsp;Un niveau [&hellip;]\" \/>\n<meta property=\"og:url\" content=\"https:\/\/adem03.fr\/index.php\/contact-france-services\/\" \/>\n<meta property=\"og:site_name\" content=\"Adem\" \/>\n<meta property=\"article:modified_time\" content=\"2021-05-27T09:37:24+00:00\" \/>\n<meta name=\"twitter:card\" content=\"summary_large_image\" \/>\n<meta name=\"twitter:label1\" content=\"Dur\u00e9e de lecture estim\u00e9e\" \/>\n\t<meta name=\"twitter:data1\" content=\"1 minute\" \/>\n<script type=\"application\/ld+json\" class=\"yoast-schema-graph\">{\"@context\":\"https:\/\/schema.org\",\"@graph\":[{\"@type\":\"WebPage\",\"@id\":\"https:\/\/adem03.fr\/index.php\/contact-france-services\/\",\"url\":\"https:\/\/adem03.fr\/index.php\/contact-france-services\/\",\"name\":\"Contact France Services - Adem\",\"isPartOf\":{\"@id\":\"https:\/\/adem03.fr\/#website\"},\"datePublished\":\"2020-01-28T12:46:32+00:00\",\"dateModified\":\"2021-05-27T09:37:24+00:00\",\"breadcrumb\":{\"@id\":\"https:\/\/adem03.fr\/index.php\/contact-france-services\/#breadcrumb\"},\"inLanguage\":\"fr-FR\",\"potentialAction\":[{\"@type\":\"ReadAction\",\"target\":[\"https:\/\/adem03.fr\/index.php\/contact-france-services\/\"]}]},{\"@type\":\"BreadcrumbList\",\"@id\":\"https:\/\/adem03.fr\/index.php\/contact-france-services\/#breadcrumb\",\"itemListElement\":[{\"@type\":\"ListItem\",\"position\":1,\"name\":\"Accueil\",\"item\":\"https:\/\/adem03.fr\/\"},{\"@type\":\"ListItem\",\"position\":2,\"name\":\"Contact France Services\"}]},{\"@type\":\"WebSite\",\"@id\":\"https:\/\/adem03.fr\/#website\",\"url\":\"https:\/\/adem03.fr\/\",\"name\":\"Adem\",\"description\":\"Chantier d&#039;insertion, accueil France services\",\"potentialAction\":[{\"@type\":\"SearchAction\",\"target\":{\"@type\":\"EntryPoint\",\"urlTemplate\":\"https:\/\/adem03.fr\/?s={search_term_string}\"},\"query-input\":\"required name=search_term_string\"}],\"inLanguage\":\"fr-FR\"}]}<\/script>\n<!-- \/ Yoast SEO plugin. -->","yoast_head_json":{"title":"Contact France Services - Adem","robots":{"index":"index","follow":"follow","max-snippet":"max-snippet:-1","max-image-preview":"max-image-preview:large","max-video-preview":"max-video-preview:-1"},"canonical":"https:\/\/adem03.fr\/index.php\/contact-france-services\/","og_locale":"fr_FR","og_type":"article","og_title":"Contact France Services - Adem","og_description":"France Services est un lieu qui facilite l&rsquo;utilisation num\u00e9rique pour les d\u00e9marches en lignes et cet espace est adapt\u00e9 au territoire. L\u2019objectif est d\u2019accompagner les citoyens dans l\u2019ensemble des d\u00e9marches administratives de leur quotidien. Caract\u00e9ristiques de notre France Services&nbsp;:Le retour du service public au c\u0153ur du territoire&nbsp;Un service public moderne et \u00e0 visage humain&nbsp;Un niveau [&hellip;]","og_url":"https:\/\/adem03.fr\/index.php\/contact-france-services\/","og_site_name":"Adem","article_modified_time":"2021-05-27T09:37:24+00:00","twitter_card":"summary_large_image","twitter_misc":{"Dur\u00e9e de lecture estim\u00e9e":"1 minute"},"schema":{"@context":"https:\/\/schema.org","@graph":[{"@type":"WebPage","@id":"https:\/\/adem03.fr\/index.php\/contact-france-services\/","url":"https:\/\/adem03.fr\/index.php\/contact-france-services\/","name":"Contact France Services - Adem","isPartOf":{"@id":"https:\/\/adem03.fr\/#website"},"datePublished":"2020-01-28T12:46:32+00:00","dateModified":"2021-05-27T09:37:24+00:00","breadcrumb":{"@id":"https:\/\/adem03.fr\/index.php\/contact-france-services\/#breadcrumb"},"inLanguage":"fr-FR","potentialAction":[{"@type":"ReadAction","target":["https:\/\/adem03.fr\/index.php\/contact-france-services\/"]}]},{"@type":"BreadcrumbList","@id":"https:\/\/adem03.fr\/index.php\/contact-france-services\/#breadcrumb","itemListElement":[{"@type":"ListItem","position":1,"name":"Accueil","item":"https:\/\/adem03.fr\/"},{"@type":"ListItem","position":2,"name":"Contact France Services"}]},{"@type":"WebSite","@id":"https:\/\/adem03.fr\/#website","url":"https:\/\/adem03.fr\/","name":"Adem","description":"Chantier d&#039;insertion, accueil France services","potentialAction":[{"@type":"SearchAction","target":{"@type":"EntryPoint","urlTemplate":"https:\/\/adem03.fr\/?s={search_term_string}"},"query-input":"required name=search_term_string"}],"inLanguage":"fr-FR"}]}},"_links":{"self":[{"href":"https:\/\/adem03.fr\/index.php\/wp-json\/wp\/v2\/pages\/121"}],"collection":[{"href":"https:\/\/adem03.fr\/index.php\/wp-json\/wp\/v2\/pages"}],"about":[{"href":"https:\/\/adem03.fr\/index.php\/wp-json\/wp\/v2\/types\/page"}],"author":[{"embeddable":true,"href":"https:\/\/adem03.fr\/index.php\/wp-json\/wp\/v2\/users\/1"}],"replies":[{"embeddable":true,"href":"https:\/\/adem03.fr\/index.php\/wp-json\/wp\/v2\/comments?post=121"}],"version-history":[{"count":11,"href":"https:\/\/adem03.fr\/index.php\/wp-json\/wp\/v2\/pages\/121\/revisions"}],"predecessor-version":[{"id":266,"href":"https:\/\/adem03.fr\/index.php\/wp-json\/wp\/v2\/pages\/121\/revisions\/266"}],"wp:attachment":[{"href":"https:\/\/adem03.fr\/index.php\/wp-json\/wp\/v2\/media?parent=121"}],"curies":[{"name":"wp","href":"https:\/\/api.w.org\/{rel}","templated":true}]}}