{"id":27,"date":"2020-01-21T19:43:06","date_gmt":"2020-01-21T18:43:06","guid":{"rendered":"https:\/\/adem03.fr\/?page_id=27"},"modified":"2021-05-27T11:22:13","modified_gmt":"2021-05-27T09:22:13","slug":"nos-prestations","status":"publish","type":"page","link":"https:\/\/adem03.fr\/index.php\/nos-prestations\/","title":{"rendered":"Nos prestations"},"content":{"rendered":"\n<div class=\"is-layout-flow wp-block-group espace-section-bottom\"><div class=\"wp-block-group__inner-container\">\n<h2 class=\"espace-titre-commun\"> Informations utiles <\/h2>\n\n\n\n<p class=\"paragraphe-commun\">L\u2019ACI de l\u2019ADEM entre dans le champ d\u2019action des clauses qui permettent de r\u00e9server une part des heures de travail \u00e0 la r\u00e9alisation de travaux d\u2019insertion soit par le biais de march\u00e9 public ou de commandes directes.<\/p>\n\n\n\n<p class=\"paragraphe-commun\">Le recensement des besoins des collectivit\u00e9s se fait chaque fin d\u2019ann\u00e9e pour \u00e9tablir un programme d\u2019action en d\u00e9finissant tous les crit\u00e8res de r\u00e9alisation&nbsp;; Planification calendaire, reste \u00e0 charge, approvisionnement des mat\u00e9riaux par la collectivit\u00e9.<\/p>\n\n\n\n<p class=\"paragraphe-commun\">Les commandes ponctuelles peuvent \u00eatre engag\u00e9es au fil de l\u2019eau.<\/p>\n<\/div><\/div>\n","protected":false},"excerpt":{"rendered":"<p>Informations utiles L\u2019ACI de l\u2019ADEM entre dans le champ d\u2019action des clauses qui permettent de r\u00e9server une part des heures de travail \u00e0 la r\u00e9alisation de travaux d\u2019insertion soit par le biais de march\u00e9 public ou de commandes directes. Le recensement des besoins des collectivit\u00e9s se fait chaque fin d\u2019ann\u00e9e pour \u00e9tablir un programme d\u2019action [&hellip;]<\/p>\n","protected":false},"author":1,"featured_media":0,"parent":0,"menu_order":0,"comment_status":"closed","ping_status":"closed","template":"page-travaux.php","meta":[],"yoast_head":"<!-- This site is optimized with the Yoast SEO plugin v19.13 - https:\/\/yoast.com\/wordpress\/plugins\/seo\/ -->\n<title>Nos prestations - Adem<\/title>\n<meta name=\"robots\" content=\"index, follow, max-snippet:-1, max-image-preview:large, max-video-preview:-1\" \/>\n<link rel=\"canonical\" href=\"https:\/\/adem03.fr\/index.php\/nos-prestations\/\" \/>\n<meta property=\"og:locale\" content=\"fr_FR\" \/>\n<meta property=\"og:type\" content=\"article\" \/>\n<meta property=\"og:title\" content=\"Nos prestations - Adem\" \/>\n<meta property=\"og:description\" content=\"Informations utiles L\u2019ACI de l\u2019ADEM entre dans le champ d\u2019action des clauses qui permettent de r\u00e9server une part des heures de travail \u00e0 la r\u00e9alisation de travaux d\u2019insertion soit par le biais de march\u00e9 public ou de commandes directes. Le recensement des besoins des collectivit\u00e9s se fait chaque fin d\u2019ann\u00e9e pour \u00e9tablir un programme d\u2019action [&hellip;]\" \/>\n<meta property=\"og:url\" content=\"https:\/\/adem03.fr\/index.php\/nos-prestations\/\" \/>\n<meta property=\"og:site_name\" content=\"Adem\" \/>\n<meta property=\"article:modified_time\" content=\"2021-05-27T09:22:13+00:00\" \/>\n<meta name=\"twitter:card\" content=\"summary_large_image\" \/>\n<script type=\"application\/ld+json\" class=\"yoast-schema-graph\">{\"@context\":\"https:\/\/schema.org\",\"@graph\":[{\"@type\":\"WebPage\",\"@id\":\"https:\/\/adem03.fr\/index.php\/nos-prestations\/\",\"url\":\"https:\/\/adem03.fr\/index.php\/nos-prestations\/\",\"name\":\"Nos prestations - Adem\",\"isPartOf\":{\"@id\":\"https:\/\/adem03.fr\/#website\"},\"datePublished\":\"2020-01-21T18:43:06+00:00\",\"dateModified\":\"2021-05-27T09:22:13+00:00\",\"breadcrumb\":{\"@id\":\"https:\/\/adem03.fr\/index.php\/nos-prestations\/#breadcrumb\"},\"inLanguage\":\"fr-FR\",\"potentialAction\":[{\"@type\":\"ReadAction\",\"target\":[\"https:\/\/adem03.fr\/index.php\/nos-prestations\/\"]}]},{\"@type\":\"BreadcrumbList\",\"@id\":\"https:\/\/adem03.fr\/index.php\/nos-prestations\/#breadcrumb\",\"itemListElement\":[{\"@type\":\"ListItem\",\"position\":1,\"name\":\"Accueil\",\"item\":\"https:\/\/adem03.fr\/\"},{\"@type\":\"ListItem\",\"position\":2,\"name\":\"Nos prestations\"}]},{\"@type\":\"WebSite\",\"@id\":\"https:\/\/adem03.fr\/#website\",\"url\":\"https:\/\/adem03.fr\/\",\"name\":\"Adem\",\"description\":\"Chantier d&#039;insertion, accueil France services\",\"potentialAction\":[{\"@type\":\"SearchAction\",\"target\":{\"@type\":\"EntryPoint\",\"urlTemplate\":\"https:\/\/adem03.fr\/?s={search_term_string}\"},\"query-input\":\"required name=search_term_string\"}],\"inLanguage\":\"fr-FR\"}]}<\/script>\n<!-- \/ Yoast SEO plugin. -->","yoast_head_json":{"title":"Nos prestations - Adem","robots":{"index":"index","follow":"follow","max-snippet":"max-snippet:-1","max-image-preview":"max-image-preview:large","max-video-preview":"max-video-preview:-1"},"canonical":"https:\/\/adem03.fr\/index.php\/nos-prestations\/","og_locale":"fr_FR","og_type":"article","og_title":"Nos prestations - Adem","og_description":"Informations utiles L\u2019ACI de l\u2019ADEM entre dans le champ d\u2019action des clauses qui permettent de r\u00e9server une part des heures de travail \u00e0 la r\u00e9alisation de travaux d\u2019insertion soit par le biais de march\u00e9 public ou de commandes directes. Le recensement des besoins des collectivit\u00e9s se fait chaque fin d\u2019ann\u00e9e pour \u00e9tablir un programme d\u2019action [&hellip;]","og_url":"https:\/\/adem03.fr\/index.php\/nos-prestations\/","og_site_name":"Adem","article_modified_time":"2021-05-27T09:22:13+00:00","twitter_card":"summary_large_image","schema":{"@context":"https:\/\/schema.org","@graph":[{"@type":"WebPage","@id":"https:\/\/adem03.fr\/index.php\/nos-prestations\/","url":"https:\/\/adem03.fr\/index.php\/nos-prestations\/","name":"Nos prestations - Adem","isPartOf":{"@id":"https:\/\/adem03.fr\/#website"},"datePublished":"2020-01-21T18:43:06+00:00","dateModified":"2021-05-27T09:22:13+00:00","breadcrumb":{"@id":"https:\/\/adem03.fr\/index.php\/nos-prestations\/#breadcrumb"},"inLanguage":"fr-FR","potentialAction":[{"@type":"ReadAction","target":["https:\/\/adem03.fr\/index.php\/nos-prestations\/"]}]},{"@type":"BreadcrumbList","@id":"https:\/\/adem03.fr\/index.php\/nos-prestations\/#breadcrumb","itemListElement":[{"@type":"ListItem","position":1,"name":"Accueil","item":"https:\/\/adem03.fr\/"},{"@type":"ListItem","position":2,"name":"Nos prestations"}]},{"@type":"WebSite","@id":"https:\/\/adem03.fr\/#website","url":"https:\/\/adem03.fr\/","name":"Adem","description":"Chantier d&#039;insertion, accueil France services","potentialAction":[{"@type":"SearchAction","target":{"@type":"EntryPoint","urlTemplate":"https:\/\/adem03.fr\/?s={search_term_string}"},"query-input":"required name=search_term_string"}],"inLanguage":"fr-FR"}]}},"_links":{"self":[{"href":"https:\/\/adem03.fr\/index.php\/wp-json\/wp\/v2\/pages\/27"}],"collection":[{"href":"https:\/\/adem03.fr\/index.php\/wp-json\/wp\/v2\/pages"}],"about":[{"href":"https:\/\/adem03.fr\/index.php\/wp-json\/wp\/v2\/types\/page"}],"author":[{"embeddable":true,"href":"https:\/\/adem03.fr\/index.php\/wp-json\/wp\/v2\/users\/1"}],"replies":[{"embeddable":true,"href":"https:\/\/adem03.fr\/index.php\/wp-json\/wp\/v2\/comments?post=27"}],"version-history":[{"count":5,"href":"https:\/\/adem03.fr\/index.php\/wp-json\/wp\/v2\/pages\/27\/revisions"}],"predecessor-version":[{"id":265,"href":"https:\/\/adem03.fr\/index.php\/wp-json\/wp\/v2\/pages\/27\/revisions\/265"}],"wp:attachment":[{"href":"https:\/\/adem03.fr\/index.php\/wp-json\/wp\/v2\/media?parent=27"}],"curies":[{"name":"wp","href":"https:\/\/api.w.org\/{rel}","templated":true}]}}