{"id":8,"date":"2020-01-21T19:03:11","date_gmt":"2020-01-21T18:03:11","guid":{"rendered":"https:\/\/adem03.fr\/?page_id=8"},"modified":"2021-05-27T12:10:00","modified_gmt":"2021-05-27T10:10:00","slug":"accueil","status":"publish","type":"page","link":"https:\/\/adem03.fr\/","title":{"rendered":"Accueil"},"content":{"rendered":"\n<h2 class=\"has-text-align-center\"> Secteur d&rsquo;activit\u00e9 de l&rsquo;ADEM <\/h2>\n\n\n\n<div class=\"row\">\n            <a class=\"bouton-service col-md-4\" href=\"https:\/\/adem03.fr\/index.php\/nos-prestations\/\">\n                <div class=\"card-service\">\n                    <div class=\" icon-ronde \"><i class=\"fas fa-tools\"><\/i><\/div>\n                    <h3> Devis<\/h3>\n                    <h4> vous avez un projet de chantier, n\u2019h\u00e9sitez pas \u00e0 nous contacter.<\/h4>\n                <\/div>\n            <\/a>\n            <a class=\"bouton-service col-md-4\" href=\"https:\/\/adem03.fr\/index.php\/postuler\/\">\n                <div class=\"card-service\">\n                    <div class=\" icon-ronde \"><i class=\"fas fa-hands-helping\"><\/i><\/div>\n                    <h3> Postuler<\/h3>\n                    <h4>Comment postuler pour travailler sur nos chantiers d&rsquo;insertion ?<\/h4>\n                <\/div>\n            <\/a> <a class=\"bouton-service col-md-4\" href=\"https:\/\/adem03.fr\/index.php\/france-services\/\">\n                <div class=\"card-service\">\n                    <div class=\" icon-ronde franceservice \">\n\n\n<img decoding=\"async\" src=\"https:\/\/adem03.fr\/wp-content\/uploads\/2021\/05\/logo_France-services_Adem_btn2.2.png\" alt=\"logo france service\">\n\n\n<\/div>\n                    <h3> France services<\/h3>\n                    <h4>Bo\u00eete \u00e0 outils pour de nombreuses formalit\u00e9s administratives et RDV personnalis\u00e9s<\/h4>\n                <\/div>\n            <\/a>\n        <\/div>\n\n\n\n<div class=\"is-layout-flow wp-block-group row espace-section\"><div class=\"wp-block-group__inner-container\">\n<div class=\"is-layout-flow wp-block-group col-md-6\"><div class=\"wp-block-group__inner-container\">\n<h2 class=\"has-text-align-center\"> Horaires d&rsquo;accueil  <\/h2>\n\n\n\n<div class=\"horaire \">\n<div class=\"col-12 my-flex\">\n                <div class=\"col-xs-6 border-droit-bas border-gauche border-haut tableau-element\">Lundi au Jeudi<\/div>\n                <div class=\"col-xs-6 border-droit-bas border-haut tableau-element\">8h30 \u00e0 12h30<br>13h30 \u00e0 17h15<\/div>\n            <\/div>\n           <div class=\"col-12 my-flex \">\n                <div class=\"col-xs-6 border-droit-bas border-gauche tableau-element fond-blanc\">Vendredi<\/div>\n                <div class=\"col-xs-6 border-droit-bas tableau-element fond-blanc\"> 8h30 \u00e0 12h30 <\/div>\n            <\/div>\n           <div class=\"col-12 my-flex \">\n                <div class=\"col-xs-6 border-droit-bas border-gauche tableau-element\">Samedi<br> Dimanche<\/div>\n                <div class=\"col-xs-6 border-droit-bas tableau-element\">Ferm\u00e9 <\/div>\n            <\/div><\/div>\n<\/div><\/div>\n\n\n\n<iframe loading=\"lazy\" src=\"https:\/\/www.google.com\/maps\/embed?pb=!1m14!1m8!1m3!1d18536.06675186511!2d2.9620569259464813!3d46.32169656315528!3m2!1i1024!2i768!4f13.1!3m3!1m2!1s0x0%3A0xa22d71e0d6ec47e3!2sA.D.E.M%20(Assoc%20Developpement%20Economique%20Bassin%20Emploi%20Montmarault)!5e0!3m2!1sfr!2sfr!4v1575297578864!5m2!1sfr!2sfr\" style=\"border:0;\" allowfullscreen=\"\" class=\" col-md-6 sanspadding\" width=\"800\" height=\"375\" frameborder=\"0\"><\/iframe>\n<\/div><\/div>\n\n\n\n<div class=\"is-layout-flow wp-block-group row espace-section\"><div class=\"wp-block-group__inner-container\">\n<img decoding=\"async\" src=\"https:\/\/adem03.fr\/wp-content\/uploads\/2021\/05\/bureauAdemAllier.jpg\" class=\"img-fluid col-12 img-responsive\" alt=\"Responsive image\">\n<\/div><\/div>\n\n\n\n<div class=\"is-layout-flow wp-block-group espace-section\"><div class=\"wp-block-group__inner-container\">\n<h2 class=\"espace-titre-commun\"> Notre mission <\/h2>\n\n\n\n<p class=\"paragraphe-commun\">L\u2019ADEM regroupe les communes Commentry-Montmarault-N\u00e9ris Communaut\u00e9 soit 33 collectivit\u00e9s ainsi que 11 communes fondatrices (ex canton Le Montet) en partenariat avec les acteurs de l\u2019emploi du d\u00e9partement.<\/p>\n\n\n\n<p class=\"paragraphe-commun\">Pour r\u00e9pondre aux besoins en mati\u00e8re d\u2019insertion par l\u2019activit\u00e9 \u00e9conomique, l\u2019ADEM porte un atelier chantier d\u2019insertion dans le domaine du b\u00e2timent second-\u0153uvre et espaces verts. Sur le secteur g\u00e9ographique durement touch\u00e9 par les difficult\u00e9s \u00e9conomiques, l\u2019atelier chantier d\u2019insertion (ACI) permet de recruter et d\u2019accompagner des demandeurs d\u2019emploi vers une embauche directe aupr\u00e8s des entreprises du territoire. Cette action est mesur\u00e9e par un retour \u00e0 l\u2019emploi de plus 60% pour les personnes accompagn\u00e9es (DELD, b\u00e9n\u00e9ficiaires du RSA, jeunes -26ans, travailleurs handicap\u00e9s).<\/p>\n\n\n\n<p class=\"paragraphe-commun\">Nous intervenons \u00e0 la demande des communes, entreprises, associations et autres collectivit\u00e9s en mati\u00e8re de b\u00e2timents, r\u00e9novations int\u00e9rieures &#8211; ext\u00e9rieures ainsi qu\u2019en espaces verts accessibles dans le cadre de l\u2019insertion.<\/p>\n<\/div><\/div>\n\n\n\n<div class=\"is-layout-flow wp-block-group row avant-paragraphe-special\"><div class=\"wp-block-group__inner-container\">\n<div class=\"is-layout-flow wp-block-group paragraphe-special col-md-11\"><div class=\"wp-block-group__inner-container\">\n<h2>Actualit\u00e9s 2021<\/h2>\n\n\n\n<p>Exemple de travaux produit dans le cadre de l\u2019ACI.<\/p>\n\n\n\n<div class=\"is-layout-flow wp-block-group\"><div class=\"wp-block-group__inner-container\">\n<div class=\"is-layout-flex wp-container-7 wp-block-columns\">\n<div class=\"is-layout-flow wp-block-column\">\n<figure class=\"wp-block-image size-large\"><img decoding=\"async\" loading=\"lazy\" width=\"1000\" height=\"562\" src=\"https:\/\/adem03.fr\/wp-content\/uploads\/2021\/03\/plaquoPlatre.jpg\" alt=\"\" class=\"wp-image-182 img-responsive\" srcset=\"https:\/\/adem03.fr\/wp-content\/uploads\/2021\/03\/plaquoPlatre.jpg 1000w, https:\/\/adem03.fr\/wp-content\/uploads\/2021\/03\/plaquoPlatre-300x169.jpg 300w, https:\/\/adem03.fr\/wp-content\/uploads\/2021\/03\/plaquoPlatre-768x432.jpg 768w, https:\/\/adem03.fr\/wp-content\/uploads\/2021\/03\/plaquoPlatre-750x422.jpg 750w\" sizes=\"(max-width: 1000px) 100vw, 1000px\" \/><\/figure>\n<\/div>\n\n\n\n<div class=\"is-layout-flow wp-block-column\">\n<figure class=\"wp-block-image size-large\"><img decoding=\"async\" loading=\"lazy\" width=\"1000\" height=\"561\" src=\"https:\/\/adem03.fr\/wp-content\/uploads\/2021\/03\/montvicq.jpg\" alt=\"\" class=\"wp-image-181 img-responsive\" srcset=\"https:\/\/adem03.fr\/wp-content\/uploads\/2021\/03\/montvicq.jpg 1000w, https:\/\/adem03.fr\/wp-content\/uploads\/2021\/03\/montvicq-300x168.jpg 300w, https:\/\/adem03.fr\/wp-content\/uploads\/2021\/03\/montvicq-768x431.jpg 768w, https:\/\/adem03.fr\/wp-content\/uploads\/2021\/03\/montvicq-750x421.jpg 750w\" sizes=\"(max-width: 1000px) 100vw, 1000px\" \/><\/figure>\n<\/div>\n<\/div>\n<\/div><\/div>\n<\/div><\/div>\n<\/div><\/div>\n\n\n\n<h2 class=\"espace-section\"> Nos partenaires  <\/h2>\n\n\n\n<div class=\"is-layout-flow wp-block-group row\"><div class=\"wp-block-group__inner-container\"><style id=\"sp_lcp_dynamic_css68\">div#logo-carousel-free-68.logo-carousel-free .sp-lc-logo{border: 0px solid #dddddd;}div#logo-carousel-free-68.logo-carousel-free .sp-lc-logo:hover{border-color: #006211;}#logo-carousel-free-68.sp-lc-container .sp-logo-carousel {padding-bottom: 46px;}#logo-carousel-free-68.sp-lc-container .sp-lc-pagination .swiper-pagination-bullet {background-color: #ddd;margin: 0 4px;}#logo-carousel-free-68.sp-lc-container .sp-lc-pagination .swiper-pagination-bullet.swiper-pagination-bullet-active{background-color: #006211; }@media only screen and (max-width: 576px) {#logo-carousel-free-68.sp-lc-container .sp-lc-button-prev,#logo-carousel-free-68.sp-lc-container .sp-lc-button-next {display: none;}} .logo-carousel-free-area#logo-carousel-free-68 .sp-logo-carousel-section-title{margin-bottom: 30px;}<\/style><div id='logo-carousel-free-68' class=\"logo-carousel-free logo-carousel-free-area sp-lc-container\"><h2 class=\"sp-logo-carousel-section-title\">partenaire<\/h2><div id=\"sp-logo-carousel-id-68\" class=\"swiper-container sp-logo-carousel\" dir=\"ltr\"  data-carousel='{ \"speed\":450,\"spaceBetween\": 12, \"autoplay\": true, \"infinite\":true, \"autoplay_speed\": 3000, \"stop_onHover\": true, \"pagination\": true, \"navigation\": false, \"MobileNav\": false, \"MobilePagi\": true, \"simulateTouch\": false,\"freeMode\": false, \"allowTouchMove\": true, \"slidesPerView\": { \"lg_desktop\": 4, \"desktop\": 3, \"tablet\": 3, \"mobile\": 1, \"mobile_landscape\": 2 } }'><div class=\"swiper-wrapper\"><div class=\"swiper-slide\"><div class=\"sp-lc-logo\"><img src=\"https:\/\/adem03.fr\/wp-content\/uploads\/2020\/01\/Service_public.png\" title=\"\" alt=\"service-public\" width=\"487\" height=\"227\" class=\"sp-lc-image skip-lazy\"><\/div><\/div><div class=\"swiper-slide\"><div class=\"sp-lc-logo\"><img src=\"https:\/\/adem03.fr\/wp-content\/uploads\/2020\/01\/pole-emploi.png\" title=\"\" alt=\"pole-emploi\" width=\"487\" height=\"227\" class=\"sp-lc-image skip-lazy\"><\/div><\/div><div class=\"swiper-slide\"><div class=\"sp-lc-logo\"><img src=\"https:\/\/adem03.fr\/wp-content\/uploads\/2020\/01\/Mutualite_sociale_agricole_logo.png\" title=\"\" alt=\"msa\" width=\"487\" height=\"227\" class=\"sp-lc-image skip-lazy\"><\/div><\/div><div class=\"swiper-slide\"><div class=\"sp-lc-logo\"><img src=\"https:\/\/adem03.fr\/wp-content\/uploads\/2020\/01\/mission_local_montmarault.png\" title=\"\" alt=\"mission local\" width=\"487\" height=\"227\" class=\"sp-lc-image skip-lazy\"><\/div><\/div><div class=\"swiper-slide\"><div class=\"sp-lc-logo\"><img src=\"https:\/\/adem03.fr\/wp-content\/uploads\/2020\/01\/Logo_D\u00e9partement_Allier.png\" title=\"\" alt=\"departement-allier\" width=\"487\" height=\"227\" class=\"sp-lc-image skip-lazy\"><\/div><\/div><div class=\"swiper-slide\"><div class=\"sp-lc-logo\"><img src=\"https:\/\/adem03.fr\/wp-content\/uploads\/2020\/01\/fongecif.png\" title=\"\" alt=\"fongecif\" width=\"487\" height=\"227\" class=\"sp-lc-image skip-lazy\"><\/div><\/div><div class=\"swiper-slide\"><div class=\"sp-lc-logo\"><img src=\"https:\/\/adem03.fr\/wp-content\/uploads\/2020\/01\/cpam.png\" title=\"\" alt=\"cpam\" width=\"487\" height=\"227\" class=\"sp-lc-image skip-lazy\"><\/div><\/div><div class=\"swiper-slide\"><div class=\"sp-lc-logo\"><img src=\"https:\/\/adem03.fr\/wp-content\/uploads\/2020\/01\/carsat.png\" title=\"\" alt=\"carsat\" width=\"487\" height=\"227\" class=\"sp-lc-image skip-lazy\"><\/div><\/div><div class=\"swiper-slide\"><div class=\"sp-lc-logo\"><img src=\"https:\/\/adem03.fr\/wp-content\/uploads\/2020\/01\/caf.png\" title=\"\" alt=\"caf\" width=\"488\" height=\"227\" class=\"sp-lc-image skip-lazy\"><\/div><\/div><div class=\"swiper-slide\"><div class=\"sp-lc-logo\"><img src=\"https:\/\/adem03.fr\/wp-content\/uploads\/2021\/03\/logo-UDAF.png\" title=\"\" alt=\"udaf\" width=\"487\" height=\"227\" class=\"sp-lc-image skip-lazy\"><\/div><\/div><div class=\"swiper-slide\"><div class=\"sp-lc-logo\"><img src=\"https:\/\/adem03.fr\/wp-content\/uploads\/2021\/03\/LogoLachambredesmetiersetlartisanatAllier.png\" title=\"\" alt=\"chambre metiers artisanat Allier\" width=\"487\" height=\"227\" class=\"sp-lc-image skip-lazy\"><\/div><\/div><div class=\"swiper-slide\"><div class=\"sp-lc-logo\"><img src=\"https:\/\/adem03.fr\/wp-content\/uploads\/2021\/03\/commentryMontmaraultNeris.jpg\" title=\"\" alt=\"cmnc\" width=\"487\" height=\"227\" class=\"sp-lc-image skip-lazy\"><\/div><\/div><div class=\"swiper-slide\"><div class=\"sp-lc-logo\"><img src=\"https:\/\/adem03.fr\/wp-content\/uploads\/2021\/03\/banque-de-france-logo.jpg\" title=\"\" alt=\"banque de france\" width=\"487\" height=\"227\" class=\"sp-lc-image skip-lazy\"><\/div><\/div><div class=\"swiper-slide\"><div class=\"sp-lc-logo\"><img src=\"https:\/\/adem03.fr\/wp-content\/uploads\/2021\/03\/logo-point-justice-Allier.png\" title=\"\" alt=\"point justice allier\" width=\"487\" height=\"227\" class=\"sp-lc-image skip-lazy\"><\/div><\/div><div class=\"swiper-slide\"><div class=\"sp-lc-logo\"><img src=\"https:\/\/adem03.fr\/wp-content\/uploads\/2021\/03\/conseil-departemental-acces-au-droit-03.png\" title=\"\" alt=\"Conseil d\u00e9partemental acc\u00e8s au droit 03\" width=\"487\" height=\"227\" class=\"sp-lc-image skip-lazy\"><\/div><\/div><\/div><div class=\"sp-lc-pagination swiper-pagination dots\"><\/div><\/div><\/div>\n<\/div><\/div>\n","protected":false},"excerpt":{"rendered":"<p>Secteur d&rsquo;activit\u00e9 de l&rsquo;ADEM Devis vous avez un projet de chantier, n\u2019h\u00e9sitez pas \u00e0 nous contacter. Postuler Comment postuler pour travailler sur nos chantiers d&rsquo;insertion ? France services Bo\u00eete \u00e0 outils pour de nombreuses formalit\u00e9s administratives et RDV personnalis\u00e9s Horaires d&rsquo;accueil Lundi au Jeudi 8h30 \u00e0 12h3013h30 \u00e0 17h15 Vendredi 8h30 \u00e0 12h30 Samedi Dimanche [&hellip;]<\/p>\n","protected":false},"author":1,"featured_media":0,"parent":0,"menu_order":0,"comment_status":"closed","ping_status":"closed","template":"page-home.php","meta":[],"yoast_head":"<!-- This site is optimized with the Yoast SEO plugin v19.13 - https:\/\/yoast.com\/wordpress\/plugins\/seo\/ -->\n<title>Adem - Aide et accompagnement<\/title>\n<meta name=\"description\" content=\"Adem, Association pour le D\u00e9veloppement \u00c9conomique du Bassin de Montmarault. Chantier d&#039;insertion, accueil France services.\" \/>\n<meta name=\"robots\" content=\"index, follow, max-snippet:-1, max-image-preview:large, max-video-preview:-1\" \/>\n<link rel=\"canonical\" href=\"https:\/\/adem03.fr\/\" \/>\n<meta property=\"og:locale\" content=\"fr_FR\" \/>\n<meta property=\"og:type\" content=\"article\" \/>\n<meta property=\"og:title\" content=\"Adem - Aide et accompagnement\" \/>\n<meta property=\"og:description\" content=\"Adem, Association pour le D\u00e9veloppement \u00c9conomique du Bassin de Montmarault. Chantier d&#039;insertion, accueil France services.\" \/>\n<meta property=\"og:url\" content=\"https:\/\/adem03.fr\/\" \/>\n<meta property=\"og:site_name\" content=\"Adem\" \/>\n<meta property=\"article:modified_time\" content=\"2021-05-27T10:10:00+00:00\" \/>\n<meta property=\"og:image\" content=\"https:\/\/adem03.fr\/wp-content\/uploads\/2021\/05\/logo_France-services_Adem_btn2.2.png\" \/>\n<meta name=\"twitter:card\" content=\"summary_large_image\" \/>\n<meta name=\"twitter:label1\" content=\"Dur\u00e9e de lecture estim\u00e9e\" \/>\n\t<meta name=\"twitter:data1\" content=\"2 minutes\" \/>\n<script type=\"application\/ld+json\" class=\"yoast-schema-graph\">{\"@context\":\"https:\/\/schema.org\",\"@graph\":[{\"@type\":\"WebPage\",\"@id\":\"https:\/\/adem03.fr\/\",\"url\":\"https:\/\/adem03.fr\/\",\"name\":\"Adem - Aide et accompagnement\",\"isPartOf\":{\"@id\":\"https:\/\/adem03.fr\/#website\"},\"datePublished\":\"2020-01-21T18:03:11+00:00\",\"dateModified\":\"2021-05-27T10:10:00+00:00\",\"description\":\"Adem, Association pour le D\u00e9veloppement \u00c9conomique du Bassin de Montmarault. Chantier d'insertion, accueil France services.\",\"breadcrumb\":{\"@id\":\"https:\/\/adem03.fr\/#breadcrumb\"},\"inLanguage\":\"fr-FR\",\"potentialAction\":[{\"@type\":\"ReadAction\",\"target\":[\"https:\/\/adem03.fr\/\"]}]},{\"@type\":\"BreadcrumbList\",\"@id\":\"https:\/\/adem03.fr\/#breadcrumb\",\"itemListElement\":[{\"@type\":\"ListItem\",\"position\":1,\"name\":\"Accueil\",\"item\":\"https:\/\/adem03.fr\/\"},{\"@type\":\"ListItem\",\"position\":2,\"name\":\"Accueil\"}]},{\"@type\":\"WebSite\",\"@id\":\"https:\/\/adem03.fr\/#website\",\"url\":\"https:\/\/adem03.fr\/\",\"name\":\"Adem\",\"description\":\"Chantier d&#039;insertion, accueil France services\",\"potentialAction\":[{\"@type\":\"SearchAction\",\"target\":{\"@type\":\"EntryPoint\",\"urlTemplate\":\"https:\/\/adem03.fr\/?s={search_term_string}\"},\"query-input\":\"required name=search_term_string\"}],\"inLanguage\":\"fr-FR\"}]}<\/script>\n<!-- \/ Yoast SEO plugin. -->","yoast_head_json":{"title":"Adem - Aide et accompagnement","description":"Adem, Association pour le D\u00e9veloppement \u00c9conomique du Bassin de Montmarault. Chantier d'insertion, accueil France services.","robots":{"index":"index","follow":"follow","max-snippet":"max-snippet:-1","max-image-preview":"max-image-preview:large","max-video-preview":"max-video-preview:-1"},"canonical":"https:\/\/adem03.fr\/","og_locale":"fr_FR","og_type":"article","og_title":"Adem - Aide et accompagnement","og_description":"Adem, Association pour le D\u00e9veloppement \u00c9conomique du Bassin de Montmarault. Chantier d'insertion, accueil France services.","og_url":"https:\/\/adem03.fr\/","og_site_name":"Adem","article_modified_time":"2021-05-27T10:10:00+00:00","og_image":[{"url":"https:\/\/adem03.fr\/wp-content\/uploads\/2021\/05\/logo_France-services_Adem_btn2.2.png"}],"twitter_card":"summary_large_image","twitter_misc":{"Dur\u00e9e de lecture estim\u00e9e":"2 minutes"},"schema":{"@context":"https:\/\/schema.org","@graph":[{"@type":"WebPage","@id":"https:\/\/adem03.fr\/","url":"https:\/\/adem03.fr\/","name":"Adem - Aide et accompagnement","isPartOf":{"@id":"https:\/\/adem03.fr\/#website"},"datePublished":"2020-01-21T18:03:11+00:00","dateModified":"2021-05-27T10:10:00+00:00","description":"Adem, Association pour le D\u00e9veloppement \u00c9conomique du Bassin de Montmarault. Chantier d'insertion, accueil France services.","breadcrumb":{"@id":"https:\/\/adem03.fr\/#breadcrumb"},"inLanguage":"fr-FR","potentialAction":[{"@type":"ReadAction","target":["https:\/\/adem03.fr\/"]}]},{"@type":"BreadcrumbList","@id":"https:\/\/adem03.fr\/#breadcrumb","itemListElement":[{"@type":"ListItem","position":1,"name":"Accueil","item":"https:\/\/adem03.fr\/"},{"@type":"ListItem","position":2,"name":"Accueil"}]},{"@type":"WebSite","@id":"https:\/\/adem03.fr\/#website","url":"https:\/\/adem03.fr\/","name":"Adem","description":"Chantier d&#039;insertion, accueil France services","potentialAction":[{"@type":"SearchAction","target":{"@type":"EntryPoint","urlTemplate":"https:\/\/adem03.fr\/?s={search_term_string}"},"query-input":"required name=search_term_string"}],"inLanguage":"fr-FR"}]}},"_links":{"self":[{"href":"https:\/\/adem03.fr\/index.php\/wp-json\/wp\/v2\/pages\/8"}],"collection":[{"href":"https:\/\/adem03.fr\/index.php\/wp-json\/wp\/v2\/pages"}],"about":[{"href":"https:\/\/adem03.fr\/index.php\/wp-json\/wp\/v2\/types\/page"}],"author":[{"embeddable":true,"href":"https:\/\/adem03.fr\/index.php\/wp-json\/wp\/v2\/users\/1"}],"replies":[{"embeddable":true,"href":"https:\/\/adem03.fr\/index.php\/wp-json\/wp\/v2\/comments?post=8"}],"version-history":[{"count":70,"href":"https:\/\/adem03.fr\/index.php\/wp-json\/wp\/v2\/pages\/8\/revisions"}],"predecessor-version":[{"id":268,"href":"https:\/\/adem03.fr\/index.php\/wp-json\/wp\/v2\/pages\/8\/revisions\/268"}],"wp:attachment":[{"href":"https:\/\/adem03.fr\/index.php\/wp-json\/wp\/v2\/media?parent=8"}],"curies":[{"name":"wp","href":"https:\/\/api.w.org\/{rel}","templated":true}]}}